{"id":19,"date":"2020-12-23T13:18:34","date_gmt":"2020-12-23T13:18:34","guid":{"rendered":"https:\/\/hemline.com\/es\/?page_id=19"},"modified":"2022-10-19T14:08:35","modified_gmt":"2022-10-19T06:08:35","slug":"about","status":"publish","type":"page","link":"https:\/\/hemline.com\/es\/about\/","title":{"rendered":"Acerca de Nosotros"},"content":{"rendered":"<p><img decoding=\"async\" loading=\"lazy\" class=\"wp-image-137 size-full aligncenter\" src=\"https:\/\/hemline.com\/es\/wp-content\/uploads\/abt_us_900x300px.jpg\" alt=\"\" width=\"900\" height=\"300\" \/><\/p>\n<h2>En 1987, mientras trabajaba en su negocio de costura al por mayor en Sydney, Australia, la familia Castley tuvo una gran idea y decidi\u00f3 desarrollar su propia marca de art\u00edculos de mercer\u00eda y costura. Le dieron el atractivo nombre de Hemline y comenzaron con solo 80 NOCIONES Y ACCESORIOS POPULARES DE COSTURA, en el mercado australiano.<\/h2>\n<p>Esta peque\u00f1a gama se hizo muy popular r\u00e1pidamente porque conten\u00eda productos de alta calidad, y su nueva presentaci\u00f3n atractiva atrajo la atenci\u00f3n de todos. Desde el principio, la actual famosa tarjeta rosa captur\u00f3 los corazones de los consumidores por su apariencia fresca y atractiva, e inclusi\u00f3n de informaci\u00f3n \u00fatil.<\/p>\n<p>Pronto, el \u00e9xito de la marca Hemline en Australia comenz\u00f3 a atraer la atenci\u00f3n de empresas de otros pa\u00edses y, en 1993, la familia Castley decidi\u00f3 establecer una base de suministro en Hong Kong bajo la direcci\u00f3n de Simon Castley para ayudarles establecer Hemline por todo el mundo. La plata de Hong Kong ahora emplea a m\u00e1s de 100 personas y se ha expandido a instalaciones m\u00e1s grandes &#8211; \u00a1varias veces!<br \/>\nAdem\u00e1s, es la experiencia de Simon la que todav\u00eda gu\u00eda la empresa en la actualidad.<\/p>\n<p>Desde entonces, la marca Hemlinese ha fortalecido cada vez m\u00e1s, con crecimiento constante y gran \u00e9xito internacional. Parte de ese crecimiento fue la apertura de una enorme f\u00e1brica de envasado de 300 empleados en el sur de China.<\/p>\n<p>La peque\u00f1a selecci\u00f3n de (80) productos se ha convertido en una de las m\u00e1s grandes del mundo; la marca Hemline ahora contiene m\u00e1s de 1000 art\u00edculos de costura y artesan\u00eda.<\/p>\n<p>Hoy en d\u00eda, la marca se extiende por todo el mundo y los distribuidores nacionales suministran Hemline a nivel mundial.<\/p>\n<p>\u00a1Despu\u00e9s de no m\u00e1s de 25 a\u00f1os, Hemline se ha convertido en el nombre de mercer\u00eda y nociones m\u00e1s conocido y uno de los m\u00e1s reconocidos en el mundo!<\/p>\n<table class=\"no-border\" style=\"width: 431px;\" border=\"0\" width=\"431\">\n<tbody>\n<tr>\n<td>\n<ul>\n<li>Austria<\/li>\n<li>Australia<\/li>\n<li>Belgium<\/li>\n<li>Cyprus<\/li>\n<li>Dubai<\/li>\n<li>Finland<\/li>\n<li>France*<\/li>\n<li>Germany<\/li>\n<li>Greece<\/li>\n<li>Holland<\/li>\n<li>Hong Kong<\/li>\n<li>Iceland<\/li>\n<li>Indonesia<\/li>\n<\/ul>\n<\/td>\n<td>\n<ul>\n<li>Ireland<\/li>\n<li>Israel<\/li>\n<li>Kazakhstan<\/li>\n<li>Korea<\/li>\n<li>New Zealand*<\/li>\n<li>Russia<\/li>\n<li>Spain<\/li>\n<li>Sweden<\/li>\n<li>Switzerland<\/li>\n<li>Thailand<\/li>\n<li>Ukraine<\/li>\n<li>United Kingdom<\/li>\n<li>USA<\/li>\n<\/ul>\n<\/td>\n<\/tr>\n<\/tbody>\n<\/table>\n<p>*\u00a0Tenga en cuenta que la gama Hemline se vende en Francia bajo la marca &quot;Couture Loisirs&quot; y en Nueva Zelanda como &quot;Trendy Trims&quot;<\/p>\n<p>&nbsp;<\/p>\n<p><img decoding=\"async\" loading=\"lazy\" class=\"alignleft wp-image-139 size-full\" src=\"https:\/\/hemline.com\/es\/wp-content\/uploads\/QualityChecked.png\" alt=\"\" width=\"87\" height=\"79\" \/><\/p>\n<p>Los productos Hemline se ensamblan y empaquetan en nuestra propia f\u00e1brica con nuestro exclusivo sistema de control de calidad FIVE STAR. Hoy en d\u00eda, Hemline se puede encontrar en 30.000 tiendas en todo el mundo.<\/p>\n","protected":false},"excerpt":{"rendered":"<p>En 1987, mientras trabajaba en su negocio de costura al por mayor en Sydney, Australia, la familia Castley tuvo una gran idea y decidi\u00f3 desarrollar su propia marca de art\u00edculos de mercer\u00eda y costura. Le dieron el atractivo nombre de Hemline y comenzaron con solo 80 NOCIONES Y ACCESORIOS POPULARES DE COSTURA, en el mercado &hellip; <br \/><a href=\"https:\/\/hemline.com\/es\/about\/\" class=\"more-link\">Continue reading <span class=\"screen-reader-text\">Acerca de Nosotros<\/span><\/a><\/p>\n","protected":false},"author":3,"featured_media":0,"parent":0,"menu_order":8,"comment_status":"closed","ping_status":"closed","template":"","meta":{"_mi_skip_tracking":false},"_links":{"self":[{"href":"https:\/\/hemline.com\/es\/wp-json\/wp\/v2\/pages\/19"}],"collection":[{"href":"https:\/\/hemline.com\/es\/wp-json\/wp\/v2\/pages"}],"about":[{"href":"https:\/\/hemline.com\/es\/wp-json\/wp\/v2\/types\/page"}],"author":[{"embeddable":true,"href":"https:\/\/hemline.com\/es\/wp-json\/wp\/v2\/users\/3"}],"replies":[{"embeddable":true,"href":"https:\/\/hemline.com\/es\/wp-json\/wp\/v2\/comments?post=19"}],"version-history":[{"count":18,"href":"https:\/\/hemline.com\/es\/wp-json\/wp\/v2\/pages\/19\/revisions"}],"predecessor-version":[{"id":4606,"href":"https:\/\/hemline.com\/es\/wp-json\/wp\/v2\/pages\/19\/revisions\/4606"}],"wp:attachment":[{"href":"https:\/\/hemline.com\/es\/wp-json\/wp\/v2\/media?parent=19"}],"curies":[{"name":"wp","href":"https:\/\/api.w.org\/{rel}","templated":true}]}}