{"id":23,"date":"2020-12-23T13:19:09","date_gmt":"2020-12-23T13:19:09","guid":{"rendered":"https:\/\/hemline.com\/es\/?page_id=23"},"modified":"2021-12-20T14:33:33","modified_gmt":"2021-12-20T06:33:33","slug":"sewaid","status":"publish","type":"page","link":"https:\/\/hemline.com\/es\/sewaid\/","title":{"rendered":"SewAID"},"content":{"rendered":"<p class=\"top-banner\"><a href=\"http:\/\/www.sewaid.com\/\" target=\"_blank\" rel=\"noopener noreferrer\"><img decoding=\"async\" class=\"aligncenter\" src=\"https:\/\/hemline.com\/es\/wp-content\/uploads\/sewaid_900x300px.png\" alt=\"\" width=\"100%\" \/><\/a><\/p>\n<table class=\"no-border\">\n<tbody>\n<tr>\n<td width=\"50%\"><img decoding=\"async\" loading=\"lazy\" class=\"alignnone size-medium wp-image-5011\" src=\"https:\/\/hemline.com\/es\/wp-content\/uploads\/sewaid_pic1_w300px.png\" alt=\"\" width=\"233\" height=\"300\" \/><\/td>\n<td>\n<h2>\u00bfQu\u00e9 es\u00a0<span class=\"important\">SewAid<\/span>?<\/h2>\n<p>SewAid es un programa que ofrece a mujeres seleccionadas de pa\u00edses muy pobres, la oportunidad de no solo aprender a coser, sino tambi\u00e9n de proporcionarles las m\u00e1quinas, el equipo y las habilidades que necesitan para iniciar un peque\u00f1o negocio desde casa de confecci\u00f3n, reformas o reparaciones.<\/p>\n<p>El programa SewAid es principalmente un programa de ense\u00f1anza, que depende en gran medida de maestros voluntarios con habilidades de costura o artesan\u00eda, que donan su tiempo y experiencia, adem\u00e1s de financiar sus propios viajes a cada programa.<\/p>\n<p>El programa est\u00e1 dirigido por su fundador, el Sr. Tony Castley y cuenta con el apoyo de Sewgroup International.<\/p>\n<\/td>\n<\/tr>\n<\/tbody>\n<\/table>\n<h2>\u00bfC\u00f3mo funciona el <span class=\"important\">programa?<\/span><\/h2>\n<p>En un programa t\u00edpico, se selecciona un grupo de estudiantes solicitantes, generalmente utilizando los recursos de una agencia de ayuda reconocida o un Rotary Club local. A estas mujeres se les entrega una m\u00e1quina de coser (generalmente nueva), una selecci\u00f3n de telas y los accesorios de costura necesarios para empezar.<\/p>\n<p>Se inicia un curso de instrucci\u00f3n de costura, que suele durar aproximadamente de 8 a 10 d\u00edas a trav\u00e9s de un plazo de 2 semanas. Los profesores son voluntarios de varios pa\u00edses que ense\u00f1an habilidades b\u00e1sicas de confecci\u00f3n de ropa sencilla, m\u00e1s adecuada para la venta en el \u00e1rea local. Tambi\u00e9n ense\u00f1an las habilidades b\u00e1sicas para administrar su propio negocio, c\u00f3mo vender sus productos, banca y contabilidad.<\/p>\n<table class=\"no-border\">\n<tbody>\n<tr>\n<td width=\"50%\" height=\"\"><img decoding=\"async\" loading=\"lazy\" class=\"alignnone size-medium wp-image-5009\" src=\"https:\/\/hemline.com\/es\/wp-content\/uploads\/sewaid_pic2_w300px.png\" alt=\"\" width=\"300\" height=\"194\" \/><\/td>\n<td>SewAid depende de voluntarios para participar en estos programas. Si desea ser voluntario como maestro o donar, visite\u00a0<a href=\"http:\/\/www.sewaid.com\/\" target=\"_blank\" rel=\"noopener noreferrer\">sewaid.com<\/a><\/td>\n<\/tr>\n<tr>\n<td><img decoding=\"async\" loading=\"lazy\" class=\"alignnone size-medium wp-image-5008\" src=\"https:\/\/hemline.com\/es\/wp-content\/uploads\/sewaid_pic3_w300px.png\" alt=\"\" width=\"300\" height=\"186\" \/><\/td>\n<td>SewAid establece un centro de capacitaci\u00f3n donde los estudiantes practican sus habilidades con sus nuevas m\u00e1quinas de coser autom\u00e1ticas Janome.<\/td>\n<\/tr>\n<\/tbody>\n<\/table>\n<h2><span class=\"important\">\u00c9xitos de <\/span>SewAid<\/h2>\n<table class=\"no-border\">\n<tbody>\n<tr>\n<td width=\"50%\" height=\"\"><img decoding=\"async\" loading=\"lazy\" class=\"alignnone size-medium wp-image-5007\" src=\"https:\/\/hemline.com\/es\/wp-content\/uploads\/sewaid_pic4_w300px.png\" alt=\"\" width=\"300\" height=\"223\" \/><\/td>\n<td>Los programas anteriores han incluido Vanuatu, Mongolia, Indonesia, Filipinas, Camboya, Uganda, Madagascar, Islas Salom\u00f3n y Papua Nueva Guinea, que es bastante t\u00edpico del tipo de comunidad que SewAid apoya.<\/td>\n<\/tr>\n<\/tbody>\n<\/table>\n<h2>\u00a1C\u00f3mo <span class=\"important\">ayuda <\/span>Hemline!<\/h2>\n<p>Cada a\u00f1o, Hemline apoya a SewAid contribuyendo fiscalmente con una parte de sus ingresos a Sewaid, lo que le permite a Sewaid comprar las m\u00e1quinas de coser y los suministros necesarios para ejecutar programas exitosos. Hemline tambi\u00e9n donar\u00e1 anualmente suministros considerables directamente a cada programa en forma de art\u00edculos de mercer\u00eda y productos soporte de m\u00e1quinas de coser. Adem\u00e1s, Hemline est\u00e1 creando conciencia entre los consumidores al promocionar SewAid en las tarjetas de Hemline.<\/p>\n<table class=\"no-border\">\n<tbody>\n<tr>\n<td width=\"50%\" height=\"\"><img decoding=\"async\" loading=\"lazy\" class=\"alignnone size-medium wp-image-5006\" src=\"https:\/\/hemline.com\/es\/wp-content\/uploads\/sewaid_pic5_w300px.png\" alt=\"\" width=\"300\" height=\"169\" \/><\/td>\n<td>Auf diesem Bild zusehen die philippinische Basic Class 2012 de 12 mostrando sus pantalones cortos cosidos y modelando la falda entallada y la blusa que todos hab\u00edan hecho. Teniendo en cuenta que muchos de estos estudiantes nunca hab\u00edan cosido antes y muchos eran analfabetos, este fue un resultado fant\u00e1stico. Toda la tela fue donada en pedazos.<\/td>\n<\/tr>\n<tr>\n<td><img decoding=\"async\" loading=\"lazy\" class=\"alignnone size-medium wp-image-5005\" src=\"https:\/\/hemline.com\/es\/wp-content\/uploads\/sewaid_pic6_w300px.png\" alt=\"\" width=\"300\" height=\"289\" \/><\/td>\n<td>Los consumidores y minoristas notar\u00e1n este logo en la mayor\u00eda de las tarjetas Hemline, ya que ahora forma parte de la nueva presentaci\u00f3n y visi\u00f3n global de Hemline.<\/td>\n<\/tr>\n<\/tbody>\n<\/table>\n","protected":false},"excerpt":{"rendered":"<p>\u00bfQu\u00e9 es\u00a0SewAid? SewAid es un programa que ofrece a mujeres seleccionadas de pa\u00edses muy pobres, la oportunidad de no solo aprender a coser, sino tambi\u00e9n de proporcionarles las m\u00e1quinas, el equipo y las habilidades que necesitan para iniciar un peque\u00f1o negocio desde casa de confecci\u00f3n, reformas o reparaciones. El programa SewAid es principalmente un programa &hellip; <br \/><a href=\"https:\/\/hemline.com\/es\/sewaid\/\" class=\"more-link\">Continue reading <span class=\"screen-reader-text\">SewAID<\/span><\/a><\/p>\n","protected":false},"author":3,"featured_media":0,"parent":0,"menu_order":10,"comment_status":"closed","ping_status":"closed","template":"","meta":{"_mi_skip_tracking":false},"_links":{"self":[{"href":"https:\/\/hemline.com\/es\/wp-json\/wp\/v2\/pages\/23"}],"collection":[{"href":"https:\/\/hemline.com\/es\/wp-json\/wp\/v2\/pages"}],"about":[{"href":"https:\/\/hemline.com\/es\/wp-json\/wp\/v2\/types\/page"}],"author":[{"embeddable":true,"href":"https:\/\/hemline.com\/es\/wp-json\/wp\/v2\/users\/3"}],"replies":[{"embeddable":true,"href":"https:\/\/hemline.com\/es\/wp-json\/wp\/v2\/comments?post=23"}],"version-history":[{"count":16,"href":"https:\/\/hemline.com\/es\/wp-json\/wp\/v2\/pages\/23\/revisions"}],"predecessor-version":[{"id":4635,"href":"https:\/\/hemline.com\/es\/wp-json\/wp\/v2\/pages\/23\/revisions\/4635"}],"wp:attachment":[{"href":"https:\/\/hemline.com\/es\/wp-json\/wp\/v2\/media?parent=23"}],"curies":[{"name":"wp","href":"https:\/\/api.w.org\/{rel}","templated":true}]}}