{"id":31,"date":"2020-12-23T13:20:12","date_gmt":"2020-12-23T13:20:12","guid":{"rendered":"https:\/\/hemline.com\/es\/?page_id=31"},"modified":"2021-12-28T17:18:39","modified_gmt":"2021-12-28T09:18:39","slug":"privacy-policy-and-disclaimer","status":"publish","type":"page","link":"https:\/\/hemline.com\/es\/privacy-policy-and-disclaimer\/","title":{"rendered":"Pol\u00edtica de Privacidad y Aviso Legal"},"content":{"rendered":"<p>Hemline Limited se compromete a proteger su privacidad. Esta Pol\u00edtica de privacidad explica nuestras pr\u00e1cticas de procesamiento de datos y sus opciones con respecto a las formas en que se utilizan sus datos personales. Si tiene alguna solicitud relacionada con su informaci\u00f3n personal o cualquier consulta con respecto a nuestro procesamiento, cont\u00e1ctenos en <a href=\"mailto:htl@sewgroup.com\">htl@sewgroup.com<\/a><\/p>\n<p>&nbsp;<\/p>\n<h2>Informaci\u00f3n Recopilada<\/h2>\n<p>Recolectamos informaci\u00f3n adicional relacionada con la informaci\u00f3n de comentarios del consumidor que nos proporciona cuando nos da sus comentarios o completa formularios de perfil. Tambi\u00e9n monitoreamos los patrones de tr\u00e1fico del consumidor y el uso del sitio web para mejorar el servicio que ofrecemos.<\/p>\n<p>&nbsp;<\/p>\n<h2>Uso de su informaci\u00f3n y sus preferencias<\/h2>\n<p>Usaremos su informaci\u00f3n para personalizar nuestro servicio. Tambi\u00e9n usaremos sus datos de contacto para comunicarnos con usted. Podemos utilizar su informaci\u00f3n para enviarle ofertas y noticias sobre nuestros nuevos productos y servicios que creemos que pueden ser de su inter\u00e9s. Es posible que nos comuniquemos con usted por correo postal, correo electr\u00f3nico, tel\u00e9fono o fax para estos fines. Si desea ser eliminado de este servicio, env\u00ede un correo electr\u00f3nico a\u00a0<a href=\"mailto:htl@sewgroup.com\">htl@sewgroup.com<\/a><\/p>\n<p>Tenga en cuenta que puede haber casos en los que sea necesario comunicarnos con usted por razones administrativas u operativas en relaci\u00f3n con nuestro servicio.<\/p>\n<p>&nbsp;<\/p>\n<h2>Divulgaciones de su informaci\u00f3n<\/h2>\n<p>Nunca pasaremos sus datos personales a terceross, excepto a los sucesores legales de nuestra empresa. Tambi\u00e9n podemos usar y divulgar informaci\u00f3n en conjunto (para que no se identifique a ning\u00fan cliente individual) con fines de marketing y desarrollo estrat\u00e9gico. No divulgamos su informaci\u00f3n a terceros con fines de marketing.<\/p>\n<p>&nbsp;<\/p>\n<h2>Cookies<\/h2>\n<p>Las &#8220;Cookies&#8221; son peque\u00f1os fragmentos de informaci\u00f3n que se env\u00edan desde un servidor web a un navegador web para que el servidor pueda recopilar informaci\u00f3n del navegador. Para obtener m\u00e1s informaci\u00f3n sobre c\u00f3mo funcionan las cookies, visite\u00a0<a href=\"http:\/\/www.cookiecentral.com\/\" target=\"_blank\" rel=\"noopener noreferrer\">http:\/\/www.cookiecentral.com<\/a>. Nuestro sitio web utiliza cookies para varios prop\u00f3sitos, por ejemplo, para simplificar el proceso de inicio de sesi\u00f3n para los usuarios registrados, para garantizar la seguridad y autenticidad de los usuarios registrados, para proporcionar los mecanismos para las compras en l\u00ednea y para permitir el monitoreo del tr\u00e1fico.<\/p>\n<p>Los visitantes no registrados del sitio web pueden recibir cookies an\u00f3nimas para rastrear sus patrones de navegaci\u00f3n y crear un perfil demogr\u00e1fico.<\/p>\n<p>No tiene que permitir que su navegador acepte cookies para navegar una gran parte de nuestro sitio web o para acceder a muchos de nuestros servicios. Sin embargo, debes tener las cookies activadas si quieres comprar online en una de nuestras tiendas o acceder a \u00e1reas reservadas que solo son accesibles para usuarios registrados. Puede desactivar la funci\u00f3n de cookies en la mayor\u00eda de los navegadores. Si desea saber c\u00f3mo hacer esto, consulte el men\u00fa de ayuda de su navegador. Como se describi\u00f3 anteriormente, esto restringe los servicios que puede utilizar en nuestro sitio web.<\/p>\n<p>&nbsp;<\/p>\n<h2>Derechos de acceso<\/h2>\n<p>Tiene derecho a acceder a los datos personales almacenados sobre usted. Para obtener una copia de la informaci\u00f3n personal que hemline.com tiene sobre usted, escr\u00edbanos a la direcci\u00f3n dada en el sitio web con sus datos postales adjuntados.<\/p>\n","protected":false},"excerpt":{"rendered":"<p>Hemline Limited se compromete a proteger su privacidad. Esta Pol\u00edtica de privacidad explica nuestras pr\u00e1cticas de procesamiento de datos y sus opciones con respecto a las formas en que se utilizan sus datos personales. Si tiene alguna solicitud relacionada con su informaci\u00f3n personal o cualquier consulta con respecto a nuestro procesamiento, cont\u00e1ctenos en htl@sewgroup.com &nbsp; &hellip; <br \/><a href=\"https:\/\/hemline.com\/es\/privacy-policy-and-disclaimer\/\" class=\"more-link\">Continue reading <span class=\"screen-reader-text\">Pol\u00edtica de Privacidad y Aviso Legal<\/span><\/a><\/p>\n","protected":false},"author":3,"featured_media":0,"parent":0,"menu_order":14,"comment_status":"closed","ping_status":"closed","template":"","meta":{"_mi_skip_tracking":false},"_links":{"self":[{"href":"https:\/\/hemline.com\/es\/wp-json\/wp\/v2\/pages\/31"}],"collection":[{"href":"https:\/\/hemline.com\/es\/wp-json\/wp\/v2\/pages"}],"about":[{"href":"https:\/\/hemline.com\/es\/wp-json\/wp\/v2\/types\/page"}],"author":[{"embeddable":true,"href":"https:\/\/hemline.com\/es\/wp-json\/wp\/v2\/users\/3"}],"replies":[{"embeddable":true,"href":"https:\/\/hemline.com\/es\/wp-json\/wp\/v2\/comments?post=31"}],"version-history":[{"count":6,"href":"https:\/\/hemline.com\/es\/wp-json\/wp\/v2\/pages\/31\/revisions"}],"predecessor-version":[{"id":4663,"href":"https:\/\/hemline.com\/es\/wp-json\/wp\/v2\/pages\/31\/revisions\/4663"}],"wp:attachment":[{"href":"https:\/\/hemline.com\/es\/wp-json\/wp\/v2\/media?parent=31"}],"curies":[{"name":"wp","href":"https:\/\/api.w.org\/{rel}","templated":true}]}}